{"id":463,"date":"2024-01-18T15:08:18","date_gmt":"2024-01-18T14:08:18","guid":{"rendered":"https:\/\/www.molvinamarmi.it\/marmo-botticino-fiorito\/"},"modified":"2024-02-06T16:44:58","modified_gmt":"2024-02-06T15:44:58","slug":"marmo-botticino-fiorito","status":"publish","type":"page","link":"https:\/\/www.molvinamarmi.it\/en\/marmo-botticino-fiorito\/","title":{"rendered":"Marmo botticino fiorito"},"content":{"rendered":"<p>[et_pb_section fb_built=&#8221;1&#8243; _builder_version=&#8221;4.23.1&#8243; _module_preset=&#8221;default&#8221; global_colors_info=&#8221;{}&#8221;][et_pb_row _builder_version=&#8221;4.23.1&#8243; _module_preset=&#8221;default&#8221; global_colors_info=&#8221;{}&#8221;][et_pb_column type=&#8221;4_4&#8243; _builder_version=&#8221;4.23.1&#8243; _module_preset=&#8221;default&#8221; global_colors_info=&#8221;{}&#8221;][et_pb_text _builder_version=&#8221;4.23.1&#8243; _module_preset=&#8221;default&#8221; global_colors_info=&#8221;{}&#8221;]<\/p>\n<h1>Marmo botticino fiorito<\/h1>\n<p>Il <strong>marmo botticino fiorito<\/strong> \u00e8 senza ombra di dubbio tra i pi\u00f9 richiesti, offriamo la possibilit\u00e0 di avere un <strong>marmo pregiato<\/strong> e riconosciuto a livello mondiale.<\/p>\n<p>Questo marmo si distingue per la sua <strong>eleganza<\/strong> e la sua bellezza intrinseca. Il Botticino Fiorito \u00e8 ampiamente apprezzato per le sue tonalit\u00e0 calde, la venatura distintiva e la capacit\u00e0 di illuminare gli ambienti con una raffinatezza senza tempo.<\/p>\n<p>Mettiamo a disposizione dei nostri clienti una vasta gamma di prodotti, tra cui lastre, pavimenti, rivestimenti ed elementi decorativi.<\/p>\n<p>Gli acquirenti possono esplorare una variet\u00e0 di opzioni, selezionando la finitura desiderata con le dimensioni pi\u00f9 adatte.<\/p>\n<p>Questo marmo, con le sue sfumature di beige e crema, si adatta perfettamente a una gamma diversificata di stili architettonici, da quelli classici a quelli moderni.<img loading=\"lazy\" decoding=\"async\" class=\"wp-image-113 size-medium alignright\" src=\"http:\/\/www.molvinamarmi.it\/wp-content\/uploads\/2023\/06\/per-lo-slider-in-home-page3-1-300x225.jpg\" alt=\"Marmo botticino fiorito\" width=\"300\" height=\"225\"><\/p>\n<h2>Vendita marmo botticino fiorito<\/h2>\n<p>La lavorazione del Marmo Botticino Fiorito \u00e8 affidata ad <strong>artigiani esperti<\/strong> che dedicano una cura meticolosa ai dettagli.<\/p>\n<p>La combinazione di tradizione e tecnologia garantisce la produzione di lastre impeccabili, dove la venatura naturale del marmo \u00e8 esaltata al massimo.<\/p>\n<p>Questo marmo \u00e8 ideale per progetti residenziali e commerciali che richiedono una superficie lussuosa e resistente nel tempo.<\/p>\n<p>La vendita del Marmo Botticino Fiorito non \u00e8 solo una transazione di materiali, ma un&#8217;esperienza che unisce la bellezza della natura alla maestria dell&#8217;arte. Ogni pezzo di Botticino Fiorito \u00e8 un&#8217;opera d&#8217;arte unica, portatrice di storia e tradizione, che arricchisce gli spazi in cui viene utilizzato con un tocco di prestigio senza tempo.<\/p>\n<p>Il nostro personale \u00e8 composto da un team esperto e competente, in grado di fornirti massima assistenza.<\/p>\n<h3>Siamo il tuo punto di riferimento per l\u2019acquisto di marmo botticino fiorito dai dettagli unici e distintivi.<\/h3>\n<p>&nbsp;<\/p>\n<p>&nbsp;[\/et_pb_text][\/et_pb_column][\/et_pb_row][\/et_pb_section][et_pb_section fb_built=&#8221;1&#8243; _builder_version=&#8221;4.21.0&#8243; _module_preset=&#8221;default&#8221; locked=&#8221;off&#8221; global_colors_info=&#8221;{}&#8221;][et_pb_row column_structure=&#8221;1_2,1_2&#8243; custom_padding_last_edited=&#8221;off|desktop&#8221; _builder_version=&#8221;4.21.0&#8243; _module_preset=&#8221;default&#8221; background_color=&#8221;RGBA(255,255,255,0)&#8221; width=&#8221;90%&#8221; max_width=&#8221;1440px&#8221; custom_margin=&#8221;||||false|false&#8221; custom_padding=&#8221;||||false|false&#8221; custom_padding_tablet=&#8221;50px|50px|50px|50px|true|true&#8221; custom_padding_phone=&#8221;20px|20px|20px|20px|true|true&#8221; locked=&#8221;off&#8221; global_colors_info=&#8221;{}&#8221;][et_pb_column type=&#8221;1_2&#8243; _builder_version=&#8221;4.21.0&#8243; _module_preset=&#8221;default&#8221; global_colors_info=&#8221;{}&#8221;][dvppl_cf7_styler cf7=&#8221;12&#8243; _builder_version=&#8221;4.21.0&#8243; _module_preset=&#8221;default&#8221; form_field_font_font=&#8221;Quicksand|500|||||||&#8221; form_field_font_text_color=&#8221;#262626&#8243; form_field_font_font_size=&#8221;14px&#8221; custom_submit_button=&#8221;on&#8221; submit_button_text_size=&#8221;16px&#8221; submit_button_bg_color=&#8221;#3b3eec&#8221; submit_button_border_color=&#8221;#3b3eec&#8221; submit_button_font=&#8221;Quicksand|700||on|||||&#8221; submit_button_custom_padding=&#8221;13px|40px|13px|40px|true|true&#8221; border_radii_field=&#8221;on|10px|10px|10px|10px&#8221; border_width_all_field=&#8221;3px&#8221; border_color_all_field=&#8221;rgba(169,169,169,0.52)&#8221; global_colors_info=&#8221;{}&#8221;][\/dvppl_cf7_styler][\/et_pb_column][et_pb_column type=&#8221;1_2&#8243; _builder_version=&#8221;4.21.0&#8243; _module_preset=&#8221;default&#8221; global_colors_info=&#8221;{}&#8221;][et_pb_text _builder_version=&#8221;4.23.1&#8243; _module_preset=&#8221;default&#8221; text_font=&#8221;Quicksand|||on|||||&#8221; text_text_color=&#8221;#444444&#8243; text_font_size=&#8221;16px&#8221; text_letter_spacing=&#8221;9px&#8221; header_font=&#8221;Playfair Display|700|||||||&#8221; header_text_color=&#8221;#1e1e1e&#8221; header_font_size=&#8221;45px&#8221; header_letter_spacing=&#8221;-1px&#8221; header_2_font=&#8221;Playfair Display|700|||||||&#8221; header_2_text_color=&#8221;#1e1e1e&#8221; header_2_font_size=&#8221;45px&#8221; header_2_letter_spacing=&#8221;-1px&#8221; custom_margin=&#8221;||4px|||&#8221; global_colors_info=&#8221;{}&#8221;]<\/p>\n<p>info &amp; recapiti<\/p>\n<h2>Contattaci<\/h2>\n<p>[\/et_pb_text][et_pb_text _builder_version=&#8221;4.21.0&#8243; _module_preset=&#8221;default&#8221; text_font=&#8221;Quicksand||||||||&#8221; text_text_color=&#8221;#1e1e1e&#8221; text_font_size=&#8221;18px&#8221; custom_margin=&#8221;||16px|||&#8221; global_colors_info=&#8221;{}&#8221;]Contattaci compilando il form sottostante.<br \/>\nIl nostro Staff prender\u00e0 in carico la tua richiesta e ti<br \/>\nrisponder\u00e0 nel pi\u00f9 breve tempo possibile.[\/et_pb_text][et_pb_blurb title=&#8221;sede legale e amministrativa&#8221; use_icon=&#8221;on&#8221; font_icon=&#8221;&#xf3c5;||fa||900&#8243; icon_color=&#8221;#3b3eec&#8221; icon_placement=&#8221;left&#8221; content_max_width=&#8221;100%&#8221; _builder_version=&#8221;4.23.1&#8243; _module_preset=&#8221;default&#8221; header_font=&#8221;Quicksand|700||on|||||&#8221; header_text_color=&#8221;#1e1e1e&#8221; header_letter_spacing=&#8221;2px&#8221; body_font=&#8221;Quicksand||||||||&#8221; body_text_color=&#8221;#1e1e1e&#8221; body_font_size=&#8221;15px&#8221; body_link_text_color=&#8221;#1e1e1e&#8221; custom_margin=&#8221;||22px|||&#8221; custom_padding=&#8221;||15px||false|false&#8221; link_option_url=&#8221;https:\/\/goo.gl\/maps\/jQTRY6tZEFv3C7Aj7&#8243; link_option_url_new_window=&#8221;on&#8221; border_width_bottom=&#8221;1px&#8221; border_color_bottom=&#8221;#dbdbdb&#8221; global_colors_info=&#8221;{}&#8221;]<\/p>\n<p><a href=\"https:\/\/maps.app.goo.gl\/KkVK7u2VKax2uSNy5\">Via Giovanni Prati 76 A\/B &#8211; 25086 Rezzato (BS)<\/a><\/p>\n<p>[\/et_pb_blurb][et_pb_blurb title=&#8221;Telefono&#8221; use_icon=&#8221;on&#8221; font_icon=&#8221;&#xe090;||divi||400&#8243; icon_color=&#8221;#3b3eec&#8221; icon_placement=&#8221;left&#8221; content_max_width=&#8221;100%&#8221; _builder_version=&#8221;4.21.0&#8243; _module_preset=&#8221;default&#8221; header_font=&#8221;Quicksand|700||on|||||&#8221; header_text_color=&#8221;#1e1e1e&#8221; header_letter_spacing=&#8221;3px&#8221; body_font=&#8221;Quicksand||||||||&#8221; body_text_color=&#8221;#1e1e1e&#8221; body_font_size=&#8221;15px&#8221; body_link_text_color=&#8221;#1e1e1e&#8221; custom_margin=&#8221;||22px|||&#8221; custom_padding=&#8221;||15px||false|false&#8221; border_width_bottom=&#8221;1px&#8221; border_color_bottom=&#8221;#dbdbdb&#8221; global_colors_info=&#8221;{}&#8221;]<\/p>\n<p><span style=\"text-decoration: underline;\"><a href=\"tel:+390302591466\" target=\"_blank\" rel=\"noopener\">+39 0302591466<\/a> \/ <a href=\"tel:+393428581050\" target=\"_blank\" rel=\"noopener\">+39 342 858 1050<\/a><\/span><\/p>\n<p>[\/et_pb_blurb][et_pb_blurb title=&#8221;Email&#8221; use_icon=&#8221;on&#8221; font_icon=&#8221;&#xf0e0;||fa||900&#8243; icon_color=&#8221;#3b3eec&#8221; icon_placement=&#8221;left&#8221; content_max_width=&#8221;100%&#8221; _builder_version=&#8221;4.21.0&#8243; _module_preset=&#8221;default&#8221; header_font=&#8221;Quicksand|700||on|||||&#8221; header_text_color=&#8221;#1e1e1e&#8221; header_letter_spacing=&#8221;3px&#8221; body_font=&#8221;Quicksand||||||||&#8221; body_text_color=&#8221;#1e1e1e&#8221; body_font_size=&#8221;15px&#8221; body_link_text_color=&#8221;#1e1e1e&#8221; custom_margin=&#8221;||37px|||&#8221; custom_padding=&#8221;||15px||false|false&#8221; link_option_url=&#8221;mailto:molvina@molvinamarmi.it&#8221; link_option_url_new_window=&#8221;on&#8221; border_width_bottom=&#8221;1px&#8221; border_color_bottom=&#8221;#dbdbdb&#8221; global_colors_info=&#8221;{}&#8221;]<\/p>\n<p><span style=\"text-decoration: underline;\">molvina@molvinamarmi.it<\/span><\/p>\n<p>[\/et_pb_blurb][et_pb_blurb title=&#8221;orari di apertura&#8221; use_icon=&#8221;on&#8221; font_icon=&#8221;&#xf017;||fa||900&#8243; icon_color=&#8221;#3b3eec&#8221; icon_placement=&#8221;left&#8221; content_max_width=&#8221;100%&#8221; _builder_version=&#8221;4.21.0&#8243; _module_preset=&#8221;default&#8221; header_font=&#8221;Quicksand|700||on|||||&#8221; header_text_color=&#8221;#1e1e1e&#8221; header_letter_spacing=&#8221;3px&#8221; body_font=&#8221;Quicksand||||||||&#8221; body_text_color=&#8221;#1e1e1e&#8221; body_font_size=&#8221;15px&#8221; body_link_text_color=&#8221;#1e1e1e&#8221; custom_padding=&#8221;10px||||false|false&#8221; border_color_bottom=&#8221;#dbdbdb&#8221; global_colors_info=&#8221;{}&#8221;]<\/p>\n<p>Dal Luned\u00ec al Venerd\u00ec<br \/>dalle 08:00 alle 12:00<br \/>e dalle 14:00 alle 18:00<\/p>\n<p>[\/et_pb_blurb][et_pb_social_media_follow _builder_version=&#8221;4.21.0&#8243; _module_preset=&#8221;default&#8221; global_colors_info=&#8221;{}&#8221;][et_pb_social_media_follow_network social_network=&#8221;facebook&#8221; url=&#8221;https:\/\/www.facebook.com\/people\/Marmi-Molvina\/pfbid02jcGoWBYQjifnB8S3tchXkYJQ9ff7iW5kK6m2jZjp7qeGkxMjoxgBYjtNfUbPjyrMl\/&#8221; icon_color=&#8221;#000000&#8243; _builder_version=&#8221;4.21.0&#8243; _module_preset=&#8221;default&#8221; background_color=&#8221;#ececec&#8221; background_enable_color=&#8221;on&#8221; custom_padding=&#8221;5px|5px|5px|5px|true|true&#8221; border_radii=&#8221;on|50px|50px|50px|50px&#8221; global_colors_info=&#8221;{}&#8221; follow_button=&#8221;off&#8221; url_new_window=&#8221;on&#8221;]facebook[\/et_pb_social_media_follow_network][et_pb_social_media_follow_network social_network=&#8221;instagram&#8221; url=&#8221;https:\/\/www.instagram.com\/marmimolvina\/?igshid=ZDc4ODBmNjlmNQ%3D%3D&#8221; icon_color=&#8221;#000000&#8243; _builder_version=&#8221;4.21.0&#8243; _module_preset=&#8221;default&#8221; background_color=&#8221;#ececec&#8221; background_enable_color=&#8221;on&#8221; custom_padding=&#8221;5px|5px|5px|5px|true|true&#8221; border_radii=&#8221;on|50px|50px|50px|50px&#8221; global_colors_info=&#8221;{}&#8221; follow_button=&#8221;off&#8221; url_new_window=&#8221;on&#8221;]instagram[\/et_pb_social_media_follow_network][et_pb_social_media_follow_network social_network=&#8221;youtube&#8221; url=&#8221;https:\/\/www.youtube.com\/channel\/UCfPzzACZ5YOZhQ0IZJLNCGQ&#8221; icon_color=&#8221;#000000&#8243; _builder_version=&#8221;4.21.0&#8243; _module_preset=&#8221;default&#8221; background_color=&#8221;#ececec&#8221; background_enable_color=&#8221;on&#8221; custom_padding=&#8221;5px|5px|5px|5px|true|true&#8221; border_radii=&#8221;on|50px|50px|50px|50px&#8221; global_colors_info=&#8221;{}&#8221; follow_button=&#8221;off&#8221; url_new_window=&#8221;on&#8221;]youtube[\/et_pb_social_media_follow_network][\/et_pb_social_media_follow][\/et_pb_column][\/et_pb_row][\/et_pb_section][et_pb_section fb_built=&#8221;1&#8243; _builder_version=&#8221;4.21.0&#8243; _module_preset=&#8221;default&#8221; custom_padding=&#8221;0px||0px||true|false&#8221; locked=&#8221;off&#8221; global_colors_info=&#8221;{}&#8221;][et_pb_row column_structure=&#8221;1_2,1_2&#8243; use_custom_gutter=&#8221;on&#8221; gutter_width=&#8221;2&#8243; make_equal=&#8221;on&#8221; _builder_version=&#8221;4.21.0&#8243; _module_preset=&#8221;default&#8221; width=&#8221;100%&#8221; max_width=&#8221;100%&#8221; custom_padding=&#8221;0px||0px||true|false&#8221; global_colors_info=&#8221;{}&#8221;][et_pb_column type=&#8221;1_2&#8243; _builder_version=&#8221;4.21.0&#8243; _module_preset=&#8221;default&#8221; global_colors_info=&#8221;{}&#8221;][et_pb_text _builder_version=&#8221;4.21.0&#8243; _module_preset=&#8221;default&#8221; text_text_color=&#8221;#3b3eec&#8221; header_text_color=&#8221;#3b3eec&#8221; custom_padding=&#8221;|50px||50px|false|true&#8221; global_colors_info=&#8221;{}&#8221;]<\/p>\n<h2 style=\"text-align: center;\"><strong>Sede Legale<\/strong><\/h2>\n<p>[\/et_pb_text][et_pb_code _builder_version=&#8221;4.21.0&#8243; _module_preset=&#8221;default&#8221; global_colors_info=&#8221;{}&#8221;]<iframe src=\"https:\/\/www.google.com\/maps\/embed?pb=!1m14!1m8!1m3!1d5591.821125884933!2d10.303333!3d45.511879!3m2!1i1024!2i768!4f13.1!3m3!1m2!1s0x47819e9ef155e28b%3A0x99dd9d52ff5c2e04!2sMarmi%20Molvina%20Srl!5e0!3m2!1sit!2sit!4v1688109859597!5m2!1sit!2sit\" width=\"100%\" height=\"450\" style=\"border:0;\" allowfullscreen=\"\" loading=\"lazy\" referrerpolicy=\"no-referrer-when-downgrade\"><\/iframe>[\/et_pb_code][\/et_pb_column][et_pb_column type=&#8221;1_2&#8243; _builder_version=&#8221;4.21.0&#8243; _module_preset=&#8221;default&#8221; global_colors_info=&#8221;{}&#8221;][et_pb_text _builder_version=&#8221;4.21.0&#8243; _module_preset=&#8221;default&#8221; text_text_color=&#8221;#3b3eec&#8221; header_text_color=&#8221;#3b3eec&#8221; custom_padding=&#8221;|50px||50px|false|true&#8221; global_colors_info=&#8221;{}&#8221;]<\/p>\n<h2 style=\"text-align: center;\"><strong>Sede Operativa<\/strong><\/h2>\n<p>[\/et_pb_text][et_pb_code _builder_version=&#8221;4.21.0&#8243; _module_preset=&#8221;default&#8221; global_colors_info=&#8221;{}&#8221;]<iframe src=\"https:\/\/www.google.com\/maps\/embed?pb=!1m17!1m12!1m3!1d2794.1238094940054!2d10.354556576278595!3d45.54783487107544!2m3!1f0!2f0!3f0!3m2!1i1024!2i768!4f13.1!3m2!1m1!2zNDXCsDMyJzUyLjIiTiAxMMKwMjEnMjUuNyJF!5e0!3m2!1sit!2sit!4v1693471142510!5m2!1sit!2sit\" width=\"100%\" height=\"450\" style=\"border:0;\" allowfullscreen=\"\" loading=\"lazy\" referrerpolicy=\"no-referrer-when-downgrade\"><\/iframe>[\/et_pb_code][\/et_pb_column][\/et_pb_row][\/et_pb_section]<\/p>\n","protected":false},"excerpt":{"rendered":"<p>Marmo botticino fiorito Il marmo botticino fiorito \u00e8 senza ombra di dubbio tra i pi\u00f9 richiesti, offriamo la possibilit\u00e0 di avere un marmo pregiato e riconosciuto a livello mondiale. Questo marmo si distingue per la sua eleganza e la sua bellezza intrinseca. Il Botticino Fiorito \u00e8 ampiamente apprezzato per le sue tonalit\u00e0 calde, la venatura [&hellip;]<\/p>\n","protected":false},"author":1,"featured_media":0,"parent":0,"menu_order":0,"comment_status":"closed","ping_status":"closed","template":"","meta":{"_et_pb_use_builder":"on","_et_pb_old_content":"","_et_gb_content_width":"","ngg_post_thumbnail":0,"footnotes":"","_joinchat":[]},"yoast_head":"<!-- This site is optimized with the Yoast SEO plugin v22.1 - https:\/\/yoast.com\/wordpress\/plugins\/seo\/ -->\n<title>Marmo botticino fiorito - MARMI MOLVINA SRL<\/title>\n<meta name=\"description\" content=\"Vendiamo marmo botticino fiorito unico nei suoi dettagli e finiture, visita il sito per maggiori informazioni.\" \/>\n<meta name=\"robots\" content=\"index, follow, max-snippet:-1, max-image-preview:large, max-video-preview:-1\" \/>\n<link rel=\"canonical\" href=\"https:\/\/www.molvinamarmi.it\/en\/marmo-botticino-fiorito\/\" \/>\n<meta property=\"og:locale\" content=\"en_US\" \/>\n<meta property=\"og:type\" content=\"article\" \/>\n<meta property=\"og:title\" content=\"Marmo botticino fiorito - MARMI MOLVINA SRL\" \/>\n<meta property=\"og:description\" content=\"Vendiamo marmo botticino fiorito unico nei suoi dettagli e finiture, visita il sito per maggiori informazioni.\" \/>\n<meta property=\"og:url\" content=\"https:\/\/www.molvinamarmi.it\/en\/marmo-botticino-fiorito\/\" \/>\n<meta property=\"og:site_name\" content=\"MARMI MOLVINA SRL\" \/>\n<meta property=\"article:modified_time\" content=\"2024-02-06T15:44:58+00:00\" \/>\n<meta property=\"og:image\" content=\"http:\/\/www.molvinamarmi.it\/wp-content\/uploads\/2023\/06\/per-lo-slider-in-home-page3-1-300x225.jpg\" \/>\n<meta name=\"twitter:card\" content=\"summary_large_image\" \/>\n<meta name=\"twitter:label1\" content=\"Est. reading time\" \/>\n\t<meta name=\"twitter:data1\" content=\"5 minutes\" \/>\n<script type=\"application\/ld+json\" class=\"yoast-schema-graph\">{\"@context\":\"https:\/\/schema.org\",\"@graph\":[{\"@type\":\"WebPage\",\"@id\":\"https:\/\/www.molvinamarmi.it\/en\/marmo-botticino-fiorito\/\",\"url\":\"https:\/\/www.molvinamarmi.it\/en\/marmo-botticino-fiorito\/\",\"name\":\"Marmo botticino fiorito - MARMI MOLVINA SRL\",\"isPartOf\":{\"@id\":\"https:\/\/www.molvinamarmi.it\/en\/#website\"},\"datePublished\":\"2024-01-18T14:08:18+00:00\",\"dateModified\":\"2024-02-06T15:44:58+00:00\",\"description\":\"Vendiamo marmo botticino fiorito unico nei suoi dettagli e finiture, visita il sito per maggiori informazioni.\",\"breadcrumb\":{\"@id\":\"https:\/\/www.molvinamarmi.it\/en\/marmo-botticino-fiorito\/#breadcrumb\"},\"inLanguage\":\"en-US\",\"potentialAction\":[{\"@type\":\"ReadAction\",\"target\":[\"https:\/\/www.molvinamarmi.it\/en\/marmo-botticino-fiorito\/\"]}]},{\"@type\":\"BreadcrumbList\",\"@id\":\"https:\/\/www.molvinamarmi.it\/en\/marmo-botticino-fiorito\/#breadcrumb\",\"itemListElement\":[{\"@type\":\"ListItem\",\"position\":1,\"name\":\"Home\",\"item\":\"https:\/\/www.molvinamarmi.it\/en\/\"},{\"@type\":\"ListItem\",\"position\":2,\"name\":\"Marmo botticino fiorito\"}]},{\"@type\":\"WebSite\",\"@id\":\"https:\/\/www.molvinamarmi.it\/en\/#website\",\"url\":\"https:\/\/www.molvinamarmi.it\/en\/\",\"name\":\"MARMI MOLVINA SRL\",\"description\":\"\",\"potentialAction\":[{\"@type\":\"SearchAction\",\"target\":{\"@type\":\"EntryPoint\",\"urlTemplate\":\"https:\/\/www.molvinamarmi.it\/en\/?s={search_term_string}\"},\"query-input\":\"required name=search_term_string\"}],\"inLanguage\":\"en-US\"}]}<\/script>\n<!-- \/ Yoast SEO plugin. -->","yoast_head_json":{"title":"Marmo botticino fiorito - MARMI MOLVINA SRL","description":"Vendiamo marmo botticino fiorito unico nei suoi dettagli e finiture, visita il sito per maggiori informazioni.","robots":{"index":"index","follow":"follow","max-snippet":"max-snippet:-1","max-image-preview":"max-image-preview:large","max-video-preview":"max-video-preview:-1"},"canonical":"https:\/\/www.molvinamarmi.it\/en\/marmo-botticino-fiorito\/","og_locale":"en_US","og_type":"article","og_title":"Marmo botticino fiorito - MARMI MOLVINA SRL","og_description":"Vendiamo marmo botticino fiorito unico nei suoi dettagli e finiture, visita il sito per maggiori informazioni.","og_url":"https:\/\/www.molvinamarmi.it\/en\/marmo-botticino-fiorito\/","og_site_name":"MARMI MOLVINA SRL","article_modified_time":"2024-02-06T15:44:58+00:00","og_image":[{"url":"http:\/\/www.molvinamarmi.it\/wp-content\/uploads\/2023\/06\/per-lo-slider-in-home-page3-1-300x225.jpg"}],"twitter_card":"summary_large_image","twitter_misc":{"Est. reading time":"5 minutes"},"schema":{"@context":"https:\/\/schema.org","@graph":[{"@type":"WebPage","@id":"https:\/\/www.molvinamarmi.it\/en\/marmo-botticino-fiorito\/","url":"https:\/\/www.molvinamarmi.it\/en\/marmo-botticino-fiorito\/","name":"Marmo botticino fiorito - MARMI MOLVINA SRL","isPartOf":{"@id":"https:\/\/www.molvinamarmi.it\/en\/#website"},"datePublished":"2024-01-18T14:08:18+00:00","dateModified":"2024-02-06T15:44:58+00:00","description":"Vendiamo marmo botticino fiorito unico nei suoi dettagli e finiture, visita il sito per maggiori informazioni.","breadcrumb":{"@id":"https:\/\/www.molvinamarmi.it\/en\/marmo-botticino-fiorito\/#breadcrumb"},"inLanguage":"en-US","potentialAction":[{"@type":"ReadAction","target":["https:\/\/www.molvinamarmi.it\/en\/marmo-botticino-fiorito\/"]}]},{"@type":"BreadcrumbList","@id":"https:\/\/www.molvinamarmi.it\/en\/marmo-botticino-fiorito\/#breadcrumb","itemListElement":[{"@type":"ListItem","position":1,"name":"Home","item":"https:\/\/www.molvinamarmi.it\/en\/"},{"@type":"ListItem","position":2,"name":"Marmo botticino fiorito"}]},{"@type":"WebSite","@id":"https:\/\/www.molvinamarmi.it\/en\/#website","url":"https:\/\/www.molvinamarmi.it\/en\/","name":"MARMI MOLVINA SRL","description":"","potentialAction":[{"@type":"SearchAction","target":{"@type":"EntryPoint","urlTemplate":"https:\/\/www.molvinamarmi.it\/en\/?s={search_term_string}"},"query-input":"required name=search_term_string"}],"inLanguage":"en-US"}]}},"_links":{"self":[{"href":"https:\/\/www.molvinamarmi.it\/en\/wp-json\/wp\/v2\/pages\/463"}],"collection":[{"href":"https:\/\/www.molvinamarmi.it\/en\/wp-json\/wp\/v2\/pages"}],"about":[{"href":"https:\/\/www.molvinamarmi.it\/en\/wp-json\/wp\/v2\/types\/page"}],"author":[{"embeddable":true,"href":"https:\/\/www.molvinamarmi.it\/en\/wp-json\/wp\/v2\/users\/1"}],"replies":[{"embeddable":true,"href":"https:\/\/www.molvinamarmi.it\/en\/wp-json\/wp\/v2\/comments?post=463"}],"version-history":[{"count":1,"href":"https:\/\/www.molvinamarmi.it\/en\/wp-json\/wp\/v2\/pages\/463\/revisions"}],"predecessor-version":[{"id":464,"href":"https:\/\/www.molvinamarmi.it\/en\/wp-json\/wp\/v2\/pages\/463\/revisions\/464"}],"wp:attachment":[{"href":"https:\/\/www.molvinamarmi.it\/en\/wp-json\/wp\/v2\/media?parent=463"}],"curies":[{"name":"wp","href":"https:\/\/api.w.org\/{rel}","templated":true}]}}