{"id":468,"date":"2023-12-29T16:10:24","date_gmt":"2023-12-29T15:10:24","guid":{"rendered":"https:\/\/www.molvinamarmi.it\/pietrame-scogliera\/"},"modified":"2024-02-06T16:45:09","modified_gmt":"2024-02-06T15:45:09","slug":"pietrame-scogliera","status":"publish","type":"page","link":"https:\/\/www.molvinamarmi.it\/en\/pietrame-scogliera\/","title":{"rendered":"Pietrame da scogliera"},"content":{"rendered":"<p>[et_pb_section fb_built=&#8221;1&#8243; _builder_version=&#8221;4.23.1&#8243; _module_preset=&#8221;default&#8221; global_colors_info=&#8221;{}&#8221;][et_pb_row _builder_version=&#8221;4.23.1&#8243; _module_preset=&#8221;default&#8221; global_colors_info=&#8221;{}&#8221;][et_pb_column type=&#8221;4_4&#8243; _builder_version=&#8221;4.23.1&#8243; _module_preset=&#8221;default&#8221; global_colors_info=&#8221;{}&#8221;][et_pb_text _builder_version=&#8221;4.23.1&#8243; _module_preset=&#8221;default&#8221; global_colors_info=&#8221;{}&#8221;]<\/p>\n<h1>Pietrame da scogliera<\/h1>\n<p>La nostra azienda seleziona e vende con estrema passione <strong>pietrame da scogliera<\/strong>, cercando di soddisfare anche i clienti pi\u00f9 esigenti.<\/p>\n<p>Questa tipologia di pietra, estratta da formazioni rocciose naturali, offre una variet\u00e0 di forme, colori e texture che la rendono ideale per molteplici utilizzi.<\/p>\n<p>La bellezza intrinseca delle rocce da scogliera risiede nella loro autenticit\u00e0. Ogni pezzo \u00e8 unico, plasmato da millenni di erosione naturale, conferendo un&#8217;aura di originalit\u00e0 a qualsiasi progetto in cui venga impiegato.<\/p>\n<p>I toni terrosi, le sfumature cromatiche e le irregolarit\u00e0 della superficie aggiungono un carattere distintivo sia a progetti all&#8217;aperto che ad installazioni indoor.<img loading=\"lazy\" decoding=\"async\" class=\"wp-image-217  alignright\" src=\"http:\/\/www.molvinamarmi.it\/wp-content\/uploads\/2023\/06\/pietrame-da-scogliera-300x139.jpg\" alt=\"\" width=\"304\" height=\"141\"><\/p>\n<p>Non esitare a contattarci per scoprire maggiori informazioni, dubbi o curiosit\u00e0 riguardanti il nostro pietrame da scogliera, siamo pronti a fornirti massima assistenza per un prodotto unico sotto ogni punto di vista.<\/p>\n<h2>Vendita pietrame da scogliera<\/h2>\n<p>Sei alla ricerca di pietrame da scogliera e non sai a chi rivolgerti? Noi siamo la soluzione giusta per te.<\/p>\n<p>La vendita di pietrame da scogliera offre una vasta gamma di dimensioni e forme, adattandosi cos\u00ec a diversi scopi.<\/p>\n<p>Questi pezzi possono essere utilizzati per la costruzione di muri a secco, per la creazione di sentieri accattivanti in giardini paesaggistici o per rivestimenti esterni che conferiscono un&#8217;atmosfera rustica e naturale agli edifici.<\/p>\n<p>Prestiamo sempre <strong>massima attenzione alla qualit\u00e0<\/strong> ed alla provenienza delle rocce. \u00c8 fondamentale per noi garantire che il processo di estrazione sia sostenibile e rispettoso dell\u2019ambiente, preservando allo stesso tempo l\u2019autenticit\u00e0 e l\u2019integrit\u00e0 delle formazioni rocciose.<\/p>\n<h3>Vendiamo pietrame da scogliera di ottima qualit\u00e0, contattaci per informazioni.<\/h3>\n<p>&nbsp;<\/p>\n<p>&nbsp;<\/p>\n<p>[\/et_pb_text][\/et_pb_column][\/et_pb_row][\/et_pb_section][et_pb_section fb_built=&#8221;1&#8243; _builder_version=&#8221;4.21.0&#8243; _module_preset=&#8221;default&#8221; locked=&#8221;off&#8221; global_colors_info=&#8221;{}&#8221;][et_pb_row column_structure=&#8221;1_2,1_2&#8243; custom_padding_last_edited=&#8221;off|desktop&#8221; _builder_version=&#8221;4.21.0&#8243; _module_preset=&#8221;default&#8221; background_color=&#8221;RGBA(255,255,255,0)&#8221; width=&#8221;90%&#8221; max_width=&#8221;1440px&#8221; custom_margin=&#8221;||||false|false&#8221; custom_padding=&#8221;||||false|false&#8221; custom_padding_tablet=&#8221;50px|50px|50px|50px|true|true&#8221; custom_padding_phone=&#8221;20px|20px|20px|20px|true|true&#8221; locked=&#8221;off&#8221; global_colors_info=&#8221;{}&#8221;][et_pb_column type=&#8221;1_2&#8243; _builder_version=&#8221;4.21.0&#8243; _module_preset=&#8221;default&#8221; global_colors_info=&#8221;{}&#8221;][dvppl_cf7_styler cf7=&#8221;12&#8243; _builder_version=&#8221;4.21.0&#8243; _module_preset=&#8221;default&#8221; form_field_font_font=&#8221;Quicksand|500|||||||&#8221; form_field_font_text_color=&#8221;#262626&#8243; form_field_font_font_size=&#8221;14px&#8221; custom_submit_button=&#8221;on&#8221; submit_button_text_size=&#8221;16px&#8221; submit_button_bg_color=&#8221;#3b3eec&#8221; submit_button_border_color=&#8221;#3b3eec&#8221; submit_button_font=&#8221;Quicksand|700||on|||||&#8221; submit_button_custom_padding=&#8221;13px|40px|13px|40px|true|true&#8221; border_radii_field=&#8221;on|10px|10px|10px|10px&#8221; border_width_all_field=&#8221;3px&#8221; border_color_all_field=&#8221;rgba(169,169,169,0.52)&#8221; global_colors_info=&#8221;{}&#8221;][\/dvppl_cf7_styler][\/et_pb_column][et_pb_column type=&#8221;1_2&#8243; _builder_version=&#8221;4.21.0&#8243; _module_preset=&#8221;default&#8221; global_colors_info=&#8221;{}&#8221;][et_pb_text _builder_version=&#8221;4.23.1&#8243; _module_preset=&#8221;default&#8221; text_font=&#8221;Quicksand|||on|||||&#8221; text_text_color=&#8221;#444444&#8243; text_font_size=&#8221;16px&#8221; text_letter_spacing=&#8221;9px&#8221; header_font=&#8221;Playfair Display|700|||||||&#8221; header_text_color=&#8221;#1e1e1e&#8221; header_font_size=&#8221;45px&#8221; header_letter_spacing=&#8221;-1px&#8221; header_2_font=&#8221;Playfair Display|700|||||||&#8221; header_2_text_color=&#8221;#1e1e1e&#8221; header_2_font_size=&#8221;45px&#8221; header_2_letter_spacing=&#8221;-1px&#8221; custom_margin=&#8221;||4px|||&#8221; global_colors_info=&#8221;{}&#8221;]<\/p>\n<p>info &amp; recapiti<\/p>\n<h2>Contattaci<\/h2>\n<p>[\/et_pb_text][et_pb_text _builder_version=&#8221;4.21.0&#8243; _module_preset=&#8221;default&#8221; text_font=&#8221;Quicksand||||||||&#8221; text_text_color=&#8221;#1e1e1e&#8221; text_font_size=&#8221;18px&#8221; custom_margin=&#8221;||16px|||&#8221; global_colors_info=&#8221;{}&#8221;]Contattaci compilando il form sottostante.<br \/>\nIl nostro Staff prender\u00e0 in carico la tua richiesta e ti<br \/>\nrisponder\u00e0 nel pi\u00f9 breve tempo possibile.[\/et_pb_text][et_pb_blurb title=&#8221;sede legale e amministrativa&#8221; use_icon=&#8221;on&#8221; font_icon=&#8221;&#xf3c5;||fa||900&#8243; icon_color=&#8221;#3b3eec&#8221; icon_placement=&#8221;left&#8221; content_max_width=&#8221;100%&#8221; _builder_version=&#8221;4.23.1&#8243; _module_preset=&#8221;default&#8221; header_font=&#8221;Quicksand|700||on|||||&#8221; header_text_color=&#8221;#1e1e1e&#8221; header_letter_spacing=&#8221;2px&#8221; body_font=&#8221;Quicksand||||||||&#8221; body_text_color=&#8221;#1e1e1e&#8221; body_font_size=&#8221;15px&#8221; body_link_text_color=&#8221;#1e1e1e&#8221; custom_margin=&#8221;||22px|||&#8221; custom_padding=&#8221;||15px||false|false&#8221; link_option_url=&#8221;https:\/\/goo.gl\/maps\/jQTRY6tZEFv3C7Aj7&#8243; link_option_url_new_window=&#8221;on&#8221; border_width_bottom=&#8221;1px&#8221; border_color_bottom=&#8221;#dbdbdb&#8221; global_colors_info=&#8221;{}&#8221;]<\/p>\n<p><a href=\"https:\/\/maps.app.goo.gl\/KkVK7u2VKax2uSNy5\">Via Giovanni Prati 76 A\/B &#8211; 25086 Rezzato (BS)<\/a><\/p>\n<p>[\/et_pb_blurb][et_pb_blurb title=&#8221;Telefono&#8221; use_icon=&#8221;on&#8221; font_icon=&#8221;&#xe090;||divi||400&#8243; icon_color=&#8221;#3b3eec&#8221; icon_placement=&#8221;left&#8221; content_max_width=&#8221;100%&#8221; _builder_version=&#8221;4.21.0&#8243; _module_preset=&#8221;default&#8221; header_font=&#8221;Quicksand|700||on|||||&#8221; header_text_color=&#8221;#1e1e1e&#8221; header_letter_spacing=&#8221;3px&#8221; body_font=&#8221;Quicksand||||||||&#8221; body_text_color=&#8221;#1e1e1e&#8221; body_font_size=&#8221;15px&#8221; body_link_text_color=&#8221;#1e1e1e&#8221; custom_margin=&#8221;||22px|||&#8221; custom_padding=&#8221;||15px||false|false&#8221; border_width_bottom=&#8221;1px&#8221; border_color_bottom=&#8221;#dbdbdb&#8221; global_colors_info=&#8221;{}&#8221;]<\/p>\n<p><span style=\"text-decoration: underline;\"><a href=\"tel:+390302591466\" target=\"_blank\" rel=\"noopener\">+39 0302591466<\/a> \/ <a href=\"tel:+393428581050\" target=\"_blank\" rel=\"noopener\">+39 342 858 1050<\/a><\/span><\/p>\n<p>[\/et_pb_blurb][et_pb_blurb title=&#8221;Email&#8221; use_icon=&#8221;on&#8221; font_icon=&#8221;&#xf0e0;||fa||900&#8243; icon_color=&#8221;#3b3eec&#8221; icon_placement=&#8221;left&#8221; content_max_width=&#8221;100%&#8221; _builder_version=&#8221;4.21.0&#8243; _module_preset=&#8221;default&#8221; header_font=&#8221;Quicksand|700||on|||||&#8221; header_text_color=&#8221;#1e1e1e&#8221; header_letter_spacing=&#8221;3px&#8221; body_font=&#8221;Quicksand||||||||&#8221; body_text_color=&#8221;#1e1e1e&#8221; body_font_size=&#8221;15px&#8221; body_link_text_color=&#8221;#1e1e1e&#8221; custom_margin=&#8221;||37px|||&#8221; custom_padding=&#8221;||15px||false|false&#8221; link_option_url=&#8221;mailto:molvina@molvinamarmi.it&#8221; link_option_url_new_window=&#8221;on&#8221; border_width_bottom=&#8221;1px&#8221; border_color_bottom=&#8221;#dbdbdb&#8221; global_colors_info=&#8221;{}&#8221;]<\/p>\n<p><span style=\"text-decoration: underline;\">molvina@molvinamarmi.it<\/span><\/p>\n<p>[\/et_pb_blurb][et_pb_blurb title=&#8221;orari di apertura&#8221; use_icon=&#8221;on&#8221; font_icon=&#8221;&#xf017;||fa||900&#8243; icon_color=&#8221;#3b3eec&#8221; icon_placement=&#8221;left&#8221; content_max_width=&#8221;100%&#8221; _builder_version=&#8221;4.21.0&#8243; _module_preset=&#8221;default&#8221; header_font=&#8221;Quicksand|700||on|||||&#8221; header_text_color=&#8221;#1e1e1e&#8221; header_letter_spacing=&#8221;3px&#8221; body_font=&#8221;Quicksand||||||||&#8221; body_text_color=&#8221;#1e1e1e&#8221; body_font_size=&#8221;15px&#8221; body_link_text_color=&#8221;#1e1e1e&#8221; custom_padding=&#8221;10px||||false|false&#8221; border_color_bottom=&#8221;#dbdbdb&#8221; global_colors_info=&#8221;{}&#8221;]<\/p>\n<p>Dal Luned\u00ec al Venerd\u00ec<br \/>dalle 08:00 alle 12:00<br \/>e dalle 14:00 alle 18:00<\/p>\n<p>[\/et_pb_blurb][et_pb_social_media_follow _builder_version=&#8221;4.21.0&#8243; _module_preset=&#8221;default&#8221; global_colors_info=&#8221;{}&#8221;][et_pb_social_media_follow_network social_network=&#8221;facebook&#8221; url=&#8221;https:\/\/www.facebook.com\/people\/Marmi-Molvina\/pfbid02jcGoWBYQjifnB8S3tchXkYJQ9ff7iW5kK6m2jZjp7qeGkxMjoxgBYjtNfUbPjyrMl\/&#8221; icon_color=&#8221;#000000&#8243; _builder_version=&#8221;4.21.0&#8243; _module_preset=&#8221;default&#8221; background_color=&#8221;#ececec&#8221; background_enable_color=&#8221;on&#8221; custom_padding=&#8221;5px|5px|5px|5px|true|true&#8221; border_radii=&#8221;on|50px|50px|50px|50px&#8221; global_colors_info=&#8221;{}&#8221; follow_button=&#8221;off&#8221; url_new_window=&#8221;on&#8221;]facebook[\/et_pb_social_media_follow_network][et_pb_social_media_follow_network social_network=&#8221;instagram&#8221; url=&#8221;https:\/\/www.instagram.com\/marmimolvina\/?igshid=ZDc4ODBmNjlmNQ%3D%3D&#8221; icon_color=&#8221;#000000&#8243; _builder_version=&#8221;4.21.0&#8243; _module_preset=&#8221;default&#8221; background_color=&#8221;#ececec&#8221; background_enable_color=&#8221;on&#8221; custom_padding=&#8221;5px|5px|5px|5px|true|true&#8221; border_radii=&#8221;on|50px|50px|50px|50px&#8221; global_colors_info=&#8221;{}&#8221; follow_button=&#8221;off&#8221; url_new_window=&#8221;on&#8221;]instagram[\/et_pb_social_media_follow_network][et_pb_social_media_follow_network social_network=&#8221;youtube&#8221; url=&#8221;https:\/\/www.youtube.com\/channel\/UCfPzzACZ5YOZhQ0IZJLNCGQ&#8221; icon_color=&#8221;#000000&#8243; _builder_version=&#8221;4.21.0&#8243; _module_preset=&#8221;default&#8221; background_color=&#8221;#ececec&#8221; background_enable_color=&#8221;on&#8221; custom_padding=&#8221;5px|5px|5px|5px|true|true&#8221; border_radii=&#8221;on|50px|50px|50px|50px&#8221; global_colors_info=&#8221;{}&#8221; follow_button=&#8221;off&#8221; url_new_window=&#8221;on&#8221;]youtube[\/et_pb_social_media_follow_network][\/et_pb_social_media_follow][\/et_pb_column][\/et_pb_row][\/et_pb_section]<\/p>\n","protected":false},"excerpt":{"rendered":"<p>Pietrame da scogliera La nostra azienda seleziona e vende con estrema passione pietrame da scogliera, cercando di soddisfare anche i clienti pi\u00f9 esigenti. Questa tipologia di pietra, estratta da formazioni rocciose naturali, offre una variet\u00e0 di forme, colori e texture che la rendono ideale per molteplici utilizzi. La bellezza intrinseca delle rocce da scogliera risiede [&hellip;]<\/p>\n","protected":false},"author":1,"featured_media":0,"parent":0,"menu_order":0,"comment_status":"closed","ping_status":"closed","template":"","meta":{"_et_pb_use_builder":"on","_et_pb_old_content":"","_et_gb_content_width":"","ngg_post_thumbnail":0,"footnotes":"","_joinchat":[]},"yoast_head":"<!-- This site is optimized with the Yoast SEO plugin v22.1 - https:\/\/yoast.com\/wordpress\/plugins\/seo\/ -->\n<title>Pietrame da scogliera - MARMI MOLVINA SRL<\/title>\n<meta name=\"description\" content=\"Vendiamo pietrame da scogliera di ottima qualit\u00e0, visita il sito per scoprire maggiori informazioni e curiosit\u00e0.\" \/>\n<meta name=\"robots\" content=\"index, follow, max-snippet:-1, max-image-preview:large, max-video-preview:-1\" \/>\n<link rel=\"canonical\" href=\"https:\/\/www.molvinamarmi.it\/en\/pietrame-scogliera\/\" \/>\n<meta property=\"og:locale\" content=\"en_US\" \/>\n<meta property=\"og:type\" content=\"article\" \/>\n<meta property=\"og:title\" content=\"Pietrame da scogliera - MARMI MOLVINA SRL\" \/>\n<meta property=\"og:description\" content=\"Vendiamo pietrame da scogliera di ottima qualit\u00e0, visita il sito per scoprire maggiori informazioni e curiosit\u00e0.\" \/>\n<meta property=\"og:url\" content=\"https:\/\/www.molvinamarmi.it\/en\/pietrame-scogliera\/\" \/>\n<meta property=\"og:site_name\" content=\"MARMI MOLVINA SRL\" \/>\n<meta property=\"article:modified_time\" content=\"2024-02-06T15:45:09+00:00\" \/>\n<meta property=\"og:image\" content=\"http:\/\/www.molvinamarmi.it\/wp-content\/uploads\/2023\/06\/pietrame-da-scogliera-300x139.jpg\" \/>\n<meta name=\"twitter:card\" content=\"summary_large_image\" \/>\n<meta name=\"twitter:label1\" content=\"Est. reading time\" \/>\n\t<meta name=\"twitter:data1\" content=\"5 minutes\" \/>\n<script type=\"application\/ld+json\" class=\"yoast-schema-graph\">{\"@context\":\"https:\/\/schema.org\",\"@graph\":[{\"@type\":\"WebPage\",\"@id\":\"https:\/\/www.molvinamarmi.it\/en\/pietrame-scogliera\/\",\"url\":\"https:\/\/www.molvinamarmi.it\/en\/pietrame-scogliera\/\",\"name\":\"Pietrame da scogliera - MARMI MOLVINA SRL\",\"isPartOf\":{\"@id\":\"https:\/\/www.molvinamarmi.it\/en\/#website\"},\"datePublished\":\"2023-12-29T15:10:24+00:00\",\"dateModified\":\"2024-02-06T15:45:09+00:00\",\"description\":\"Vendiamo pietrame da scogliera di ottima qualit\u00e0, visita il sito per scoprire maggiori informazioni e curiosit\u00e0.\",\"breadcrumb\":{\"@id\":\"https:\/\/www.molvinamarmi.it\/en\/pietrame-scogliera\/#breadcrumb\"},\"inLanguage\":\"en-US\",\"potentialAction\":[{\"@type\":\"ReadAction\",\"target\":[\"https:\/\/www.molvinamarmi.it\/en\/pietrame-scogliera\/\"]}]},{\"@type\":\"BreadcrumbList\",\"@id\":\"https:\/\/www.molvinamarmi.it\/en\/pietrame-scogliera\/#breadcrumb\",\"itemListElement\":[{\"@type\":\"ListItem\",\"position\":1,\"name\":\"Home\",\"item\":\"https:\/\/www.molvinamarmi.it\/en\/\"},{\"@type\":\"ListItem\",\"position\":2,\"name\":\"Pietrame da scogliera\"}]},{\"@type\":\"WebSite\",\"@id\":\"https:\/\/www.molvinamarmi.it\/en\/#website\",\"url\":\"https:\/\/www.molvinamarmi.it\/en\/\",\"name\":\"MARMI MOLVINA SRL\",\"description\":\"\",\"potentialAction\":[{\"@type\":\"SearchAction\",\"target\":{\"@type\":\"EntryPoint\",\"urlTemplate\":\"https:\/\/www.molvinamarmi.it\/en\/?s={search_term_string}\"},\"query-input\":\"required name=search_term_string\"}],\"inLanguage\":\"en-US\"}]}<\/script>\n<!-- \/ Yoast SEO plugin. -->","yoast_head_json":{"title":"Pietrame da scogliera - MARMI MOLVINA SRL","description":"Vendiamo pietrame da scogliera di ottima qualit\u00e0, visita il sito per scoprire maggiori informazioni e curiosit\u00e0.","robots":{"index":"index","follow":"follow","max-snippet":"max-snippet:-1","max-image-preview":"max-image-preview:large","max-video-preview":"max-video-preview:-1"},"canonical":"https:\/\/www.molvinamarmi.it\/en\/pietrame-scogliera\/","og_locale":"en_US","og_type":"article","og_title":"Pietrame da scogliera - MARMI MOLVINA SRL","og_description":"Vendiamo pietrame da scogliera di ottima qualit\u00e0, visita il sito per scoprire maggiori informazioni e curiosit\u00e0.","og_url":"https:\/\/www.molvinamarmi.it\/en\/pietrame-scogliera\/","og_site_name":"MARMI MOLVINA SRL","article_modified_time":"2024-02-06T15:45:09+00:00","og_image":[{"url":"http:\/\/www.molvinamarmi.it\/wp-content\/uploads\/2023\/06\/pietrame-da-scogliera-300x139.jpg"}],"twitter_card":"summary_large_image","twitter_misc":{"Est. reading time":"5 minutes"},"schema":{"@context":"https:\/\/schema.org","@graph":[{"@type":"WebPage","@id":"https:\/\/www.molvinamarmi.it\/en\/pietrame-scogliera\/","url":"https:\/\/www.molvinamarmi.it\/en\/pietrame-scogliera\/","name":"Pietrame da scogliera - MARMI MOLVINA SRL","isPartOf":{"@id":"https:\/\/www.molvinamarmi.it\/en\/#website"},"datePublished":"2023-12-29T15:10:24+00:00","dateModified":"2024-02-06T15:45:09+00:00","description":"Vendiamo pietrame da scogliera di ottima qualit\u00e0, visita il sito per scoprire maggiori informazioni e curiosit\u00e0.","breadcrumb":{"@id":"https:\/\/www.molvinamarmi.it\/en\/pietrame-scogliera\/#breadcrumb"},"inLanguage":"en-US","potentialAction":[{"@type":"ReadAction","target":["https:\/\/www.molvinamarmi.it\/en\/pietrame-scogliera\/"]}]},{"@type":"BreadcrumbList","@id":"https:\/\/www.molvinamarmi.it\/en\/pietrame-scogliera\/#breadcrumb","itemListElement":[{"@type":"ListItem","position":1,"name":"Home","item":"https:\/\/www.molvinamarmi.it\/en\/"},{"@type":"ListItem","position":2,"name":"Pietrame da scogliera"}]},{"@type":"WebSite","@id":"https:\/\/www.molvinamarmi.it\/en\/#website","url":"https:\/\/www.molvinamarmi.it\/en\/","name":"MARMI MOLVINA SRL","description":"","potentialAction":[{"@type":"SearchAction","target":{"@type":"EntryPoint","urlTemplate":"https:\/\/www.molvinamarmi.it\/en\/?s={search_term_string}"},"query-input":"required name=search_term_string"}],"inLanguage":"en-US"}]}},"_links":{"self":[{"href":"https:\/\/www.molvinamarmi.it\/en\/wp-json\/wp\/v2\/pages\/468"}],"collection":[{"href":"https:\/\/www.molvinamarmi.it\/en\/wp-json\/wp\/v2\/pages"}],"about":[{"href":"https:\/\/www.molvinamarmi.it\/en\/wp-json\/wp\/v2\/types\/page"}],"author":[{"embeddable":true,"href":"https:\/\/www.molvinamarmi.it\/en\/wp-json\/wp\/v2\/users\/1"}],"replies":[{"embeddable":true,"href":"https:\/\/www.molvinamarmi.it\/en\/wp-json\/wp\/v2\/comments?post=468"}],"version-history":[{"count":1,"href":"https:\/\/www.molvinamarmi.it\/en\/wp-json\/wp\/v2\/pages\/468\/revisions"}],"predecessor-version":[{"id":478,"href":"https:\/\/www.molvinamarmi.it\/en\/wp-json\/wp\/v2\/pages\/468\/revisions\/478"}],"wp:attachment":[{"href":"https:\/\/www.molvinamarmi.it\/en\/wp-json\/wp\/v2\/media?parent=468"}],"curies":[{"name":"wp","href":"https:\/\/api.w.org\/{rel}","templated":true}]}}