{"id":472,"date":"2024-01-18T14:39:56","date_gmt":"2024-01-18T13:39:56","guid":{"rendered":"https:\/\/www.molvinamarmi.it\/vendita-marmi-rezzato\/"},"modified":"2024-02-06T16:46:10","modified_gmt":"2024-02-06T15:46:10","slug":"vendita-marmi-rezzato","status":"publish","type":"page","link":"https:\/\/www.molvinamarmi.it\/en\/vendita-marmi-rezzato\/","title":{"rendered":"Vendita marmi a Rezzato"},"content":{"rendered":"<p>[et_pb_section fb_built=&#8221;1&#8243; _builder_version=&#8221;4.23.1&#8243; _module_preset=&#8221;default&#8221; global_colors_info=&#8221;{}&#8221;][et_pb_row _builder_version=&#8221;4.23.1&#8243; _module_preset=&#8221;default&#8221; global_colors_info=&#8221;{}&#8221;][et_pb_column type=&#8221;4_4&#8243; _builder_version=&#8221;4.23.1&#8243; _module_preset=&#8221;default&#8221; global_colors_info=&#8221;{}&#8221;][et_pb_text _builder_version=&#8221;4.23.1&#8243; _module_preset=&#8221;default&#8221; global_colors_info=&#8221;{}&#8221;]<\/p>\n<h1>Vendita marmi a Rezzato<\/h1>\n<p>La nostra attivit\u00e0 \u00e8 situata a Rezzato, vantiamo di una tradizione secolare nella <strong>lavorazione e vendita di marmi pregiati<\/strong>.<\/p>\n<p>La bellezza dei nostri marmi \u00e8 rinomata a livello nazionale ed internazionale, grazie alla <strong>qualit\u00e0 dei materiali estratti<\/strong> dalle cave locali ed alla maestria artigianale che caratterizza la lavorazione.<\/p>\n<p>Il mercato della vendita di marmi \u00e8 animato da un&#8217;ampia variet\u00e0 di prodotti, che spaziano dai classici marmi bianchi ai toni pi\u00f9 caldi e ricchi di venature.<\/p>\n<p>&nbsp;Le cave di marmo presenti nella zona forniscono <strong>blocchi di pietra di alta qualit\u00e0<\/strong>, che vengono successivamente trasformati in lastre, pavimenti, rivestimenti e sculture impeccabili.<img loading=\"lazy\" decoding=\"async\" class=\"wp-image-92  alignright\" src=\"http:\/\/www.molvinamarmi.it\/wp-content\/uploads\/2023\/06\/per-lo-slider-in-home-page3-300x225.jpg\" alt=\"Vendita marmi a Rezzato\" width=\"308\" height=\"231\"><\/p>\n<p>La lavorazione artigianale, tramandata da generazioni, assicura la realizzazione di prodotti finiti di straordinaria bellezza e durabilit\u00e0.<\/p>\n<p>Non esitare a contattarci per scoprire maggiori informazioni e curiosit\u00e0 riguardanti i nostri marmi, siamo sempre a tua disposizione.<\/p>\n<h2>Marmi a Rezzato<\/h2>\n<p>Offriamo un <strong>servizio completo<\/strong>, dalla scelta dei materiali alla progettazione degli spazi. I clienti possono ammirare campioni di marmo in esposizione, potrai interfacciarti con esperti consulenti per informazioni dettagliate sui diversi tipi di pietra disponibili. La vasta gamma di colori e venature consente di soddisfare ogni gusto e stile architettonico, sia per progetti residenziali che commerciali.<\/p>\n<p>La qualit\u00e0 e l&#8217;unicit\u00e0 dei marmi attraggono clienti provenienti da tutto il mondo, consolidando la nostra reputazione come centro di eccellenza nella produzione e nella vendita di marmi pregiati. L&#8217;arte millenaria della lavorazione del marmo si fonde con le moderne esigenze di design, creando un connubio perfetto tra tradizione e innovazione.<\/p>\n<h3>Rivolgiti a noi per acquistare marmi di qualit\u00e0, estetici ed innovativi.<\/h3>\n<h1>&nbsp;<\/h1>\n<p>[\/et_pb_text][\/et_pb_column][\/et_pb_row][\/et_pb_section][et_pb_section fb_built=&#8221;1&#8243; _builder_version=&#8221;4.21.0&#8243; _module_preset=&#8221;default&#8221; custom_margin=&#8221;-132px|||||&#8221; locked=&#8221;off&#8221; global_colors_info=&#8221;{}&#8221;][et_pb_row column_structure=&#8221;1_2,1_2&#8243; custom_padding_last_edited=&#8221;off|desktop&#8221; _builder_version=&#8221;4.21.0&#8243; _module_preset=&#8221;default&#8221; background_color=&#8221;RGBA(255,255,255,0)&#8221; width=&#8221;90%&#8221; max_width=&#8221;1440px&#8221; custom_margin=&#8221;||||false|false&#8221; custom_padding=&#8221;||||false|false&#8221; custom_padding_tablet=&#8221;50px|50px|50px|50px|true|true&#8221; custom_padding_phone=&#8221;20px|20px|20px|20px|true|true&#8221; locked=&#8221;off&#8221; global_colors_info=&#8221;{}&#8221;][et_pb_column type=&#8221;1_2&#8243; _builder_version=&#8221;4.21.0&#8243; _module_preset=&#8221;default&#8221; global_colors_info=&#8221;{}&#8221;][dvppl_cf7_styler cf7=&#8221;12&#8243; _builder_version=&#8221;4.21.0&#8243; _module_preset=&#8221;default&#8221; form_field_font_font=&#8221;Quicksand|500|||||||&#8221; form_field_font_text_color=&#8221;#262626&#8243; form_field_font_font_size=&#8221;14px&#8221; custom_submit_button=&#8221;on&#8221; submit_button_text_size=&#8221;16px&#8221; submit_button_bg_color=&#8221;#3b3eec&#8221; submit_button_border_color=&#8221;#3b3eec&#8221; submit_button_font=&#8221;Quicksand|700||on|||||&#8221; submit_button_custom_padding=&#8221;13px|40px|13px|40px|true|true&#8221; border_radii_field=&#8221;on|10px|10px|10px|10px&#8221; border_width_all_field=&#8221;3px&#8221; border_color_all_field=&#8221;rgba(169,169,169,0.52)&#8221; global_colors_info=&#8221;{}&#8221;][\/dvppl_cf7_styler][\/et_pb_column][et_pb_column type=&#8221;1_2&#8243; _builder_version=&#8221;4.21.0&#8243; _module_preset=&#8221;default&#8221; global_colors_info=&#8221;{}&#8221;][et_pb_text _builder_version=&#8221;4.23.1&#8243; _module_preset=&#8221;default&#8221; text_font=&#8221;Quicksand|||on|||||&#8221; text_text_color=&#8221;#444444&#8243; text_font_size=&#8221;16px&#8221; text_letter_spacing=&#8221;9px&#8221; header_font=&#8221;Playfair Display|700|||||||&#8221; header_text_color=&#8221;#1e1e1e&#8221; header_font_size=&#8221;45px&#8221; header_letter_spacing=&#8221;-1px&#8221; header_2_font=&#8221;Playfair Display|700|||||||&#8221; header_2_text_color=&#8221;#1e1e1e&#8221; header_2_font_size=&#8221;45px&#8221; header_2_letter_spacing=&#8221;-1px&#8221; custom_margin=&#8221;||4px|||&#8221; global_colors_info=&#8221;{}&#8221;]<\/p>\n<p>info &amp; recapiti<\/p>\n<h2>Contattaci<\/h2>\n<p>[\/et_pb_text][et_pb_text _builder_version=&#8221;4.21.0&#8243; _module_preset=&#8221;default&#8221; text_font=&#8221;Quicksand||||||||&#8221; text_text_color=&#8221;#1e1e1e&#8221; text_font_size=&#8221;18px&#8221; custom_margin=&#8221;||16px|||&#8221; global_colors_info=&#8221;{}&#8221;]Contattaci compilando il form sottostante.<br \/>\nIl nostro Staff prender\u00e0 in carico la tua richiesta e ti<br \/>\nrisponder\u00e0 nel pi\u00f9 breve tempo possibile.[\/et_pb_text][et_pb_blurb title=&#8221;sede legale e amministrativa&#8221; use_icon=&#8221;on&#8221; font_icon=&#8221;&#xf3c5;||fa||900&#8243; icon_color=&#8221;#3b3eec&#8221; icon_placement=&#8221;left&#8221; content_max_width=&#8221;100%&#8221; _builder_version=&#8221;4.23.1&#8243; _module_preset=&#8221;default&#8221; header_font=&#8221;Quicksand|700||on|||||&#8221; header_text_color=&#8221;#1e1e1e&#8221; header_letter_spacing=&#8221;2px&#8221; body_font=&#8221;Quicksand||||||||&#8221; body_text_color=&#8221;#1e1e1e&#8221; body_font_size=&#8221;15px&#8221; body_link_text_color=&#8221;#1e1e1e&#8221; custom_margin=&#8221;||22px|||&#8221; custom_padding=&#8221;||15px||false|false&#8221; link_option_url=&#8221;https:\/\/goo.gl\/maps\/jQTRY6tZEFv3C7Aj7&#8243; link_option_url_new_window=&#8221;on&#8221; border_width_bottom=&#8221;1px&#8221; border_color_bottom=&#8221;#dbdbdb&#8221; global_colors_info=&#8221;{}&#8221;]<\/p>\n<p><a href=\"https:\/\/maps.app.goo.gl\/KkVK7u2VKax2uSNy5\">Via Giovanni Prati 76 A\/B &#8211; 25086 Rezzato (BS)<\/a><\/p>\n<p>[\/et_pb_blurb][et_pb_blurb title=&#8221;Telefono&#8221; use_icon=&#8221;on&#8221; font_icon=&#8221;&#xe090;||divi||400&#8243; icon_color=&#8221;#3b3eec&#8221; icon_placement=&#8221;left&#8221; content_max_width=&#8221;100%&#8221; _builder_version=&#8221;4.21.0&#8243; _module_preset=&#8221;default&#8221; header_font=&#8221;Quicksand|700||on|||||&#8221; header_text_color=&#8221;#1e1e1e&#8221; header_letter_spacing=&#8221;3px&#8221; body_font=&#8221;Quicksand||||||||&#8221; body_text_color=&#8221;#1e1e1e&#8221; body_font_size=&#8221;15px&#8221; body_link_text_color=&#8221;#1e1e1e&#8221; custom_margin=&#8221;||22px|||&#8221; custom_padding=&#8221;||15px||false|false&#8221; border_width_bottom=&#8221;1px&#8221; border_color_bottom=&#8221;#dbdbdb&#8221; global_colors_info=&#8221;{}&#8221;]<\/p>\n<p><span style=\"text-decoration: underline;\"><a href=\"tel:+390302591466\" target=\"_blank\" rel=\"noopener\">+39 0302591466<\/a> \/ <a href=\"tel:+393428581050\" target=\"_blank\" rel=\"noopener\">+39 342 858 1050<\/a><\/span><\/p>\n<p>[\/et_pb_blurb][et_pb_blurb title=&#8221;Email&#8221; use_icon=&#8221;on&#8221; font_icon=&#8221;&#xf0e0;||fa||900&#8243; icon_color=&#8221;#3b3eec&#8221; icon_placement=&#8221;left&#8221; content_max_width=&#8221;100%&#8221; _builder_version=&#8221;4.21.0&#8243; _module_preset=&#8221;default&#8221; header_font=&#8221;Quicksand|700||on|||||&#8221; header_text_color=&#8221;#1e1e1e&#8221; header_letter_spacing=&#8221;3px&#8221; body_font=&#8221;Quicksand||||||||&#8221; body_text_color=&#8221;#1e1e1e&#8221; body_font_size=&#8221;15px&#8221; body_link_text_color=&#8221;#1e1e1e&#8221; custom_margin=&#8221;||37px|||&#8221; custom_padding=&#8221;||15px||false|false&#8221; link_option_url=&#8221;mailto:molvina@molvinamarmi.it&#8221; link_option_url_new_window=&#8221;on&#8221; border_width_bottom=&#8221;1px&#8221; border_color_bottom=&#8221;#dbdbdb&#8221; global_colors_info=&#8221;{}&#8221;]<\/p>\n<p><span style=\"text-decoration: underline;\">molvina@molvinamarmi.it<\/span><\/p>\n<p>[\/et_pb_blurb][et_pb_blurb title=&#8221;orari di apertura&#8221; use_icon=&#8221;on&#8221; font_icon=&#8221;&#xf017;||fa||900&#8243; icon_color=&#8221;#3b3eec&#8221; icon_placement=&#8221;left&#8221; content_max_width=&#8221;100%&#8221; _builder_version=&#8221;4.21.0&#8243; _module_preset=&#8221;default&#8221; header_font=&#8221;Quicksand|700||on|||||&#8221; header_text_color=&#8221;#1e1e1e&#8221; header_letter_spacing=&#8221;3px&#8221; body_font=&#8221;Quicksand||||||||&#8221; body_text_color=&#8221;#1e1e1e&#8221; body_font_size=&#8221;15px&#8221; body_link_text_color=&#8221;#1e1e1e&#8221; custom_padding=&#8221;10px||||false|false&#8221; border_color_bottom=&#8221;#dbdbdb&#8221; global_colors_info=&#8221;{}&#8221;]<\/p>\n<p>Dal Luned\u00ec al Venerd\u00ec<br \/>dalle 08:00 alle 12:00<br \/>e dalle 14:00 alle 18:00<\/p>\n<p>[\/et_pb_blurb][et_pb_social_media_follow _builder_version=&#8221;4.21.0&#8243; _module_preset=&#8221;default&#8221; global_colors_info=&#8221;{}&#8221;][et_pb_social_media_follow_network social_network=&#8221;facebook&#8221; url=&#8221;https:\/\/www.facebook.com\/people\/Marmi-Molvina\/pfbid02jcGoWBYQjifnB8S3tchXkYJQ9ff7iW5kK6m2jZjp7qeGkxMjoxgBYjtNfUbPjyrMl\/&#8221; icon_color=&#8221;#000000&#8243; _builder_version=&#8221;4.21.0&#8243; _module_preset=&#8221;default&#8221; background_color=&#8221;#ececec&#8221; background_enable_color=&#8221;on&#8221; custom_padding=&#8221;5px|5px|5px|5px|true|true&#8221; border_radii=&#8221;on|50px|50px|50px|50px&#8221; global_colors_info=&#8221;{}&#8221; follow_button=&#8221;off&#8221; url_new_window=&#8221;on&#8221;]facebook[\/et_pb_social_media_follow_network][et_pb_social_media_follow_network social_network=&#8221;instagram&#8221; url=&#8221;https:\/\/www.instagram.com\/marmimolvina\/?igshid=ZDc4ODBmNjlmNQ%3D%3D&#8221; icon_color=&#8221;#000000&#8243; _builder_version=&#8221;4.21.0&#8243; _module_preset=&#8221;default&#8221; background_color=&#8221;#ececec&#8221; background_enable_color=&#8221;on&#8221; custom_padding=&#8221;5px|5px|5px|5px|true|true&#8221; border_radii=&#8221;on|50px|50px|50px|50px&#8221; global_colors_info=&#8221;{}&#8221; follow_button=&#8221;off&#8221; url_new_window=&#8221;on&#8221;]instagram[\/et_pb_social_media_follow_network][et_pb_social_media_follow_network social_network=&#8221;youtube&#8221; url=&#8221;https:\/\/www.youtube.com\/channel\/UCfPzzACZ5YOZhQ0IZJLNCGQ&#8221; icon_color=&#8221;#000000&#8243; _builder_version=&#8221;4.21.0&#8243; _module_preset=&#8221;default&#8221; background_color=&#8221;#ececec&#8221; background_enable_color=&#8221;on&#8221; custom_padding=&#8221;5px|5px|5px|5px|true|true&#8221; border_radii=&#8221;on|50px|50px|50px|50px&#8221; global_colors_info=&#8221;{}&#8221; follow_button=&#8221;off&#8221; url_new_window=&#8221;on&#8221;]youtube[\/et_pb_social_media_follow_network][\/et_pb_social_media_follow][\/et_pb_column][\/et_pb_row][\/et_pb_section][et_pb_section fb_built=&#8221;1&#8243; _builder_version=&#8221;4.21.0&#8243; _module_preset=&#8221;default&#8221; custom_padding=&#8221;0px||0px||true|false&#8221; locked=&#8221;off&#8221; global_colors_info=&#8221;{}&#8221;][et_pb_row column_structure=&#8221;1_2,1_2&#8243; use_custom_gutter=&#8221;on&#8221; gutter_width=&#8221;2&#8243; make_equal=&#8221;on&#8221; _builder_version=&#8221;4.21.0&#8243; _module_preset=&#8221;default&#8221; width=&#8221;100%&#8221; max_width=&#8221;100%&#8221; custom_padding=&#8221;0px||0px||true|false&#8221; global_colors_info=&#8221;{}&#8221;][et_pb_column type=&#8221;1_2&#8243; _builder_version=&#8221;4.21.0&#8243; _module_preset=&#8221;default&#8221; global_colors_info=&#8221;{}&#8221;][et_pb_text _builder_version=&#8221;4.21.0&#8243; _module_preset=&#8221;default&#8221; text_text_color=&#8221;#3b3eec&#8221; header_text_color=&#8221;#3b3eec&#8221; custom_padding=&#8221;|50px||50px|false|true&#8221; global_colors_info=&#8221;{}&#8221;]<\/p>\n<h2 style=\"text-align: center;\"><strong>Sede Legale<\/strong><\/h2>\n<p>[\/et_pb_text][et_pb_code _builder_version=&#8221;4.21.0&#8243; _module_preset=&#8221;default&#8221; global_colors_info=&#8221;{}&#8221;]<iframe src=\"https:\/\/www.google.com\/maps\/embed?pb=!1m14!1m8!1m3!1d5591.821125884933!2d10.303333!3d45.511879!3m2!1i1024!2i768!4f13.1!3m3!1m2!1s0x47819e9ef155e28b%3A0x99dd9d52ff5c2e04!2sMarmi%20Molvina%20Srl!5e0!3m2!1sit!2sit!4v1688109859597!5m2!1sit!2sit\" width=\"100%\" height=\"450\" style=\"border:0;\" allowfullscreen=\"\" loading=\"lazy\" referrerpolicy=\"no-referrer-when-downgrade\"><\/iframe>[\/et_pb_code][\/et_pb_column][et_pb_column type=&#8221;1_2&#8243; _builder_version=&#8221;4.21.0&#8243; _module_preset=&#8221;default&#8221; global_colors_info=&#8221;{}&#8221;][et_pb_text _builder_version=&#8221;4.21.0&#8243; _module_preset=&#8221;default&#8221; text_text_color=&#8221;#3b3eec&#8221; header_text_color=&#8221;#3b3eec&#8221; custom_padding=&#8221;|50px||50px|false|true&#8221; global_colors_info=&#8221;{}&#8221;]<\/p>\n<h2 style=\"text-align: center;\"><strong>Sede Operativa<\/strong><\/h2>\n<p>[\/et_pb_text][et_pb_code _builder_version=&#8221;4.21.0&#8243; _module_preset=&#8221;default&#8221; global_colors_info=&#8221;{}&#8221;]<iframe src=\"https:\/\/www.google.com\/maps\/embed?pb=!1m17!1m12!1m3!1d2794.1238094940054!2d10.354556576278595!3d45.54783487107544!2m3!1f0!2f0!3f0!3m2!1i1024!2i768!4f13.1!3m2!1m1!2zNDXCsDMyJzUyLjIiTiAxMMKwMjEnMjUuNyJF!5e0!3m2!1sit!2sit!4v1693471142510!5m2!1sit!2sit\" width=\"100%\" height=\"450\" style=\"border:0;\" allowfullscreen=\"\" loading=\"lazy\" referrerpolicy=\"no-referrer-when-downgrade\"><\/iframe>[\/et_pb_code][\/et_pb_column][\/et_pb_row][\/et_pb_section]<\/p>\n","protected":false},"excerpt":{"rendered":"<p>Vendita marmi a Rezzato La nostra attivit\u00e0 \u00e8 situata a Rezzato, vantiamo di una tradizione secolare nella lavorazione e vendita di marmi pregiati. La bellezza dei nostri marmi \u00e8 rinomata a livello nazionale ed internazionale, grazie alla qualit\u00e0 dei materiali estratti dalle cave locali ed alla maestria artigianale che caratterizza la lavorazione. Il mercato della [&hellip;]<\/p>\n","protected":false},"author":1,"featured_media":0,"parent":0,"menu_order":0,"comment_status":"closed","ping_status":"closed","template":"","meta":{"_et_pb_use_builder":"on","_et_pb_old_content":"","_et_gb_content_width":"","ngg_post_thumbnail":0,"footnotes":"","_joinchat":[]},"yoast_head":"<!-- This site is optimized with the Yoast SEO plugin v22.1 - https:\/\/yoast.com\/wordpress\/plugins\/seo\/ -->\n<title>Vendita marmi a Rezzato - MARMI MOLVINA SRL<\/title>\n<meta name=\"description\" content=\"Vendiamo marmi pregiati a Rezzato, contattaci per scoprire maggiori informazioni e curiosit\u00e0, siamo a tua completa disposizione.\" \/>\n<meta name=\"robots\" content=\"index, follow, max-snippet:-1, max-image-preview:large, max-video-preview:-1\" \/>\n<link rel=\"canonical\" href=\"https:\/\/www.molvinamarmi.it\/en\/vendita-marmi-rezzato\/\" \/>\n<meta property=\"og:locale\" content=\"en_US\" \/>\n<meta property=\"og:type\" content=\"article\" \/>\n<meta property=\"og:title\" content=\"Vendita marmi a Rezzato - MARMI MOLVINA SRL\" \/>\n<meta property=\"og:description\" content=\"Vendiamo marmi pregiati a Rezzato, contattaci per scoprire maggiori informazioni e curiosit\u00e0, siamo a tua completa disposizione.\" \/>\n<meta property=\"og:url\" content=\"https:\/\/www.molvinamarmi.it\/en\/vendita-marmi-rezzato\/\" \/>\n<meta property=\"og:site_name\" content=\"MARMI MOLVINA SRL\" \/>\n<meta property=\"article:modified_time\" content=\"2024-02-06T15:46:10+00:00\" \/>\n<meta property=\"og:image\" content=\"http:\/\/www.molvinamarmi.it\/wp-content\/uploads\/2023\/06\/per-lo-slider-in-home-page3-300x225.jpg\" \/>\n<meta name=\"twitter:card\" content=\"summary_large_image\" \/>\n<meta name=\"twitter:label1\" content=\"Est. reading time\" \/>\n\t<meta name=\"twitter:data1\" content=\"5 minutes\" \/>\n<script type=\"application\/ld+json\" class=\"yoast-schema-graph\">{\"@context\":\"https:\/\/schema.org\",\"@graph\":[{\"@type\":\"WebPage\",\"@id\":\"https:\/\/www.molvinamarmi.it\/en\/vendita-marmi-rezzato\/\",\"url\":\"https:\/\/www.molvinamarmi.it\/en\/vendita-marmi-rezzato\/\",\"name\":\"Vendita marmi a Rezzato - MARMI MOLVINA SRL\",\"isPartOf\":{\"@id\":\"https:\/\/www.molvinamarmi.it\/en\/#website\"},\"datePublished\":\"2024-01-18T13:39:56+00:00\",\"dateModified\":\"2024-02-06T15:46:10+00:00\",\"description\":\"Vendiamo marmi pregiati a Rezzato, contattaci per scoprire maggiori informazioni e curiosit\u00e0, siamo a tua completa disposizione.\",\"breadcrumb\":{\"@id\":\"https:\/\/www.molvinamarmi.it\/en\/vendita-marmi-rezzato\/#breadcrumb\"},\"inLanguage\":\"en-US\",\"potentialAction\":[{\"@type\":\"ReadAction\",\"target\":[\"https:\/\/www.molvinamarmi.it\/en\/vendita-marmi-rezzato\/\"]}]},{\"@type\":\"BreadcrumbList\",\"@id\":\"https:\/\/www.molvinamarmi.it\/en\/vendita-marmi-rezzato\/#breadcrumb\",\"itemListElement\":[{\"@type\":\"ListItem\",\"position\":1,\"name\":\"Home\",\"item\":\"https:\/\/www.molvinamarmi.it\/en\/\"},{\"@type\":\"ListItem\",\"position\":2,\"name\":\"Vendita marmi a Rezzato\"}]},{\"@type\":\"WebSite\",\"@id\":\"https:\/\/www.molvinamarmi.it\/en\/#website\",\"url\":\"https:\/\/www.molvinamarmi.it\/en\/\",\"name\":\"MARMI MOLVINA SRL\",\"description\":\"\",\"potentialAction\":[{\"@type\":\"SearchAction\",\"target\":{\"@type\":\"EntryPoint\",\"urlTemplate\":\"https:\/\/www.molvinamarmi.it\/en\/?s={search_term_string}\"},\"query-input\":\"required name=search_term_string\"}],\"inLanguage\":\"en-US\"}]}<\/script>\n<!-- \/ Yoast SEO plugin. -->","yoast_head_json":{"title":"Vendita marmi a Rezzato - MARMI MOLVINA SRL","description":"Vendiamo marmi pregiati a Rezzato, contattaci per scoprire maggiori informazioni e curiosit\u00e0, siamo a tua completa disposizione.","robots":{"index":"index","follow":"follow","max-snippet":"max-snippet:-1","max-image-preview":"max-image-preview:large","max-video-preview":"max-video-preview:-1"},"canonical":"https:\/\/www.molvinamarmi.it\/en\/vendita-marmi-rezzato\/","og_locale":"en_US","og_type":"article","og_title":"Vendita marmi a Rezzato - MARMI MOLVINA SRL","og_description":"Vendiamo marmi pregiati a Rezzato, contattaci per scoprire maggiori informazioni e curiosit\u00e0, siamo a tua completa disposizione.","og_url":"https:\/\/www.molvinamarmi.it\/en\/vendita-marmi-rezzato\/","og_site_name":"MARMI MOLVINA SRL","article_modified_time":"2024-02-06T15:46:10+00:00","og_image":[{"url":"http:\/\/www.molvinamarmi.it\/wp-content\/uploads\/2023\/06\/per-lo-slider-in-home-page3-300x225.jpg"}],"twitter_card":"summary_large_image","twitter_misc":{"Est. reading time":"5 minutes"},"schema":{"@context":"https:\/\/schema.org","@graph":[{"@type":"WebPage","@id":"https:\/\/www.molvinamarmi.it\/en\/vendita-marmi-rezzato\/","url":"https:\/\/www.molvinamarmi.it\/en\/vendita-marmi-rezzato\/","name":"Vendita marmi a Rezzato - MARMI MOLVINA SRL","isPartOf":{"@id":"https:\/\/www.molvinamarmi.it\/en\/#website"},"datePublished":"2024-01-18T13:39:56+00:00","dateModified":"2024-02-06T15:46:10+00:00","description":"Vendiamo marmi pregiati a Rezzato, contattaci per scoprire maggiori informazioni e curiosit\u00e0, siamo a tua completa disposizione.","breadcrumb":{"@id":"https:\/\/www.molvinamarmi.it\/en\/vendita-marmi-rezzato\/#breadcrumb"},"inLanguage":"en-US","potentialAction":[{"@type":"ReadAction","target":["https:\/\/www.molvinamarmi.it\/en\/vendita-marmi-rezzato\/"]}]},{"@type":"BreadcrumbList","@id":"https:\/\/www.molvinamarmi.it\/en\/vendita-marmi-rezzato\/#breadcrumb","itemListElement":[{"@type":"ListItem","position":1,"name":"Home","item":"https:\/\/www.molvinamarmi.it\/en\/"},{"@type":"ListItem","position":2,"name":"Vendita marmi a Rezzato"}]},{"@type":"WebSite","@id":"https:\/\/www.molvinamarmi.it\/en\/#website","url":"https:\/\/www.molvinamarmi.it\/en\/","name":"MARMI MOLVINA SRL","description":"","potentialAction":[{"@type":"SearchAction","target":{"@type":"EntryPoint","urlTemplate":"https:\/\/www.molvinamarmi.it\/en\/?s={search_term_string}"},"query-input":"required name=search_term_string"}],"inLanguage":"en-US"}]}},"_links":{"self":[{"href":"https:\/\/www.molvinamarmi.it\/en\/wp-json\/wp\/v2\/pages\/472"}],"collection":[{"href":"https:\/\/www.molvinamarmi.it\/en\/wp-json\/wp\/v2\/pages"}],"about":[{"href":"https:\/\/www.molvinamarmi.it\/en\/wp-json\/wp\/v2\/types\/page"}],"author":[{"embeddable":true,"href":"https:\/\/www.molvinamarmi.it\/en\/wp-json\/wp\/v2\/users\/1"}],"replies":[{"embeddable":true,"href":"https:\/\/www.molvinamarmi.it\/en\/wp-json\/wp\/v2\/comments?post=472"}],"version-history":[{"count":1,"href":"https:\/\/www.molvinamarmi.it\/en\/wp-json\/wp\/v2\/pages\/472\/revisions"}],"predecessor-version":[{"id":484,"href":"https:\/\/www.molvinamarmi.it\/en\/wp-json\/wp\/v2\/pages\/472\/revisions\/484"}],"wp:attachment":[{"href":"https:\/\/www.molvinamarmi.it\/en\/wp-json\/wp\/v2\/media?parent=472"}],"curies":[{"name":"wp","href":"https:\/\/api.w.org\/{rel}","templated":true}]}}